{"id":10,"date":"2026-03-11T20:25:20","date_gmt":"2026-03-11T23:25:20","guid":{"rendered":"https:\/\/indo.com.ar\/?page_id=10"},"modified":"2026-03-17T09:43:30","modified_gmt":"2026-03-17T12:43:30","slug":"inicio","status":"publish","type":"page","link":"https:\/\/indo.com.ar\/","title":{"rendered":""},"content":{"rendered":"\t\t<div data-elementor-type=\"wp-page\" data-elementor-id=\"10\" class=\"elementor elementor-10\">\n\t\t\t\t<div class=\"elementor-element elementor-element-a081f95 e-grid e-con-boxed e-con e-parent\" data-id=\"a081f95\" data-element_type=\"container\" data-e-type=\"container\" data-settings=\"{&quot;background_background&quot;:&quot;classic&quot;}\">\n\t\t\t\t\t<div class=\"e-con-inner\">\n\t\t\t\t<div class=\"elementor-element elementor-element-83c88e8 elementor-widget elementor-widget-heading\" data-id=\"83c88e8\" data-element_type=\"widget\" data-e-type=\"widget\" data-widget_type=\"heading.default\">\n\t\t\t\t\t<h2 class=\"elementor-heading-title elementor-size-default\">Ped\u00ed la comida de tu local favorito, directamente desde tu WhatsApp.<\/h2>\t\t\t\t<\/div>\n\t\t\t\t<div class=\"elementor-element elementor-element-d23ae3f animated-fast elementor-invisible elementor-widget elementor-widget-image\" data-id=\"d23ae3f\" data-element_type=\"widget\" data-e-type=\"widget\" data-settings=\"{&quot;_animation&quot;:&quot;bounceInRight&quot;}\" data-widget_type=\"image.default\">\n\t\t\t\t\t\t\t\t\t\t\t\t\t\t\t<img fetchpriority=\"high\" decoding=\"async\" width=\"800\" height=\"898\" src=\"https:\/\/indo.com.ar\/wp-content\/uploads\/2026\/03\/choque_los_5_INDO_a2-912x1024.png\" class=\"attachment-large size-large wp-image-57\" alt=\"\" srcset=\"https:\/\/indo.com.ar\/wp-content\/uploads\/2026\/03\/choque_los_5_INDO_a2-912x1024.png 912w, https:\/\/indo.com.ar\/wp-content\/uploads\/2026\/03\/choque_los_5_INDO_a2-267x300.png 267w, https:\/\/indo.com.ar\/wp-content\/uploads\/2026\/03\/choque_los_5_INDO_a2-768x863.png 768w, https:\/\/indo.com.ar\/wp-content\/uploads\/2026\/03\/choque_los_5_INDO_a2.png 1024w\" sizes=\"(max-width: 800px) 100vw, 800px\" \/>\t\t\t\t\t\t\t\t\t\t\t\t\t\t\t<\/div>\n\t\t\t\t\t<\/div>\n\t\t\t\t<\/div>\n\t\t<div class=\"elementor-element elementor-element-4d4f10e e-grid e-con-boxed e-con e-parent\" data-id=\"4d4f10e\" data-element_type=\"container\" data-e-type=\"container\" data-settings=\"{&quot;background_background&quot;:&quot;classic&quot;}\">\n\t\t\t\t\t<div class=\"e-con-inner\">\n\t\t\t\t<div class=\"elementor-element elementor-element-09daa9b animated-fast elementor-invisible elementor-widget elementor-widget-image\" data-id=\"09daa9b\" data-element_type=\"widget\" data-e-type=\"widget\" data-settings=\"{&quot;_animation&quot;:&quot;bounceInRight&quot;}\" data-widget_type=\"image.default\">\n\t\t\t\t\t\t\t\t\t\t\t\t\t\t\t<img decoding=\"async\" width=\"800\" height=\"898\" src=\"https:\/\/indo.com.ar\/wp-content\/uploads\/2026\/03\/choque_los_5_INDO_a-912x1024.png\" class=\"attachment-large size-large wp-image-44\" alt=\"\" srcset=\"https:\/\/indo.com.ar\/wp-content\/uploads\/2026\/03\/choque_los_5_INDO_a-912x1024.png 912w, https:\/\/indo.com.ar\/wp-content\/uploads\/2026\/03\/choque_los_5_INDO_a-267x300.png 267w, https:\/\/indo.com.ar\/wp-content\/uploads\/2026\/03\/choque_los_5_INDO_a-768x863.png 768w, https:\/\/indo.com.ar\/wp-content\/uploads\/2026\/03\/choque_los_5_INDO_a.png 1024w\" sizes=\"(max-width: 800px) 100vw, 800px\" \/>\t\t\t\t\t\t\t\t\t\t\t\t\t\t\t<\/div>\n\t\t\t\t<div class=\"elementor-element elementor-element-2c02e4b animated-slow elementor-invisible elementor-widget elementor-widget-image\" data-id=\"2c02e4b\" data-element_type=\"widget\" data-e-type=\"widget\" data-settings=\"{&quot;_animation&quot;:&quot;bounceInLeft&quot;,&quot;_animation_delay&quot;:500}\" data-widget_type=\"image.default\">\n\t\t\t\t\t\t\t\t\t\t\t\t\t\t\t<img decoding=\"async\" width=\"800\" height=\"800\" src=\"https:\/\/indo.com.ar\/wp-content\/uploads\/2026\/03\/choque_los_5_INDO_b2.png\" class=\"attachment-large size-large wp-image-56\" alt=\"\" srcset=\"https:\/\/indo.com.ar\/wp-content\/uploads\/2026\/03\/choque_los_5_INDO_b2.png 1024w, https:\/\/indo.com.ar\/wp-content\/uploads\/2026\/03\/choque_los_5_INDO_b2-300x300.png 300w, https:\/\/indo.com.ar\/wp-content\/uploads\/2026\/03\/choque_los_5_INDO_b2-150x150.png 150w, https:\/\/indo.com.ar\/wp-content\/uploads\/2026\/03\/choque_los_5_INDO_b2-768x768.png 768w\" sizes=\"(max-width: 800px) 100vw, 800px\" \/>\t\t\t\t\t\t\t\t\t\t\t\t\t\t\t<\/div>\n\t\t\t\t\t<\/div>\n\t\t\t\t<\/div>\n\t\t<div class=\"elementor-element elementor-element-9d3a4a1 e-grid e-con-boxed e-con e-parent\" data-id=\"9d3a4a1\" data-element_type=\"container\" data-e-type=\"container\" data-settings=\"{&quot;background_background&quot;:&quot;classic&quot;}\">\n\t\t\t\t\t<div class=\"e-con-inner\">\n\t\t\t\t<div class=\"elementor-element elementor-element-30219e6 elementor-widget elementor-widget-heading\" data-id=\"30219e6\" data-element_type=\"widget\" data-e-type=\"widget\" data-widget_type=\"heading.default\">\n\t\t\t\t\t<h2 class=\"elementor-heading-title elementor-size-default\">Sin comisiones locas. Sin intermediarios. Solo vos, el local y un pedido perfecto.\n\n<\/h2>\t\t\t\t<\/div>\n\t\t\t\t\t<\/div>\n\t\t\t\t<\/div>\n\t\t<div class=\"elementor-element elementor-element-5179ac0 e-grid e-con-boxed e-con e-parent\" data-id=\"5179ac0\" data-element_type=\"container\" data-e-type=\"container\" data-settings=\"{&quot;background_background&quot;:&quot;classic&quot;}\">\n\t\t\t\t\t<div class=\"e-con-inner\">\n\t\t\t\t<div class=\"elementor-element elementor-element-ad0f674 elementor-widget elementor-widget-heading\" data-id=\"ad0f674\" data-element_type=\"widget\" data-e-type=\"widget\" data-widget_type=\"heading.default\">\n\t\t\t\t\t<h2 class=\"elementor-heading-title elementor-size-default\">Locales que ya usan Indo.<\/h2>\t\t\t\t<\/div>\n\t\t\t\t<div class=\"elementor-element elementor-element-f94b035 elementor-align-center elementor-widget elementor-widget-button\" data-id=\"f94b035\" data-element_type=\"widget\" data-e-type=\"widget\" data-widget_type=\"button.default\">\n\t\t\t\t\t\t\t\t\t\t<a class=\"elementor-button elementor-button-link elementor-size-sm\" href=\"#\">\n\t\t\t\t\t\t<span class=\"elementor-button-content-wrapper\">\n\t\t\t\t\t\t\t\t\t<span class=\"elementor-button-text\">Quiero que mi local est\u00e9 en Indo<\/span>\n\t\t\t\t\t<\/span>\n\t\t\t\t\t<\/a>\n\t\t\t\t\t\t\t\t<\/div>\n\t\t\t\t\t<\/div>\n\t\t\t\t<\/div>\n\t\t<div class=\"elementor-element elementor-element-fd45b3f e-grid e-con-boxed e-con e-parent\" data-id=\"fd45b3f\" data-element_type=\"container\" data-e-type=\"container\" data-settings=\"{&quot;background_background&quot;:&quot;classic&quot;}\">\n\t\t\t\t\t<div class=\"e-con-inner\">\n\t\t\t\t<div class=\"elementor-element elementor-element-2dd4ef8 elementor-widget elementor-widget-heading\" data-id=\"2dd4ef8\" data-element_type=\"widget\" data-e-type=\"widget\" data-widget_type=\"heading.default\">\n\t\t\t\t\t<h2 class=\"elementor-heading-title elementor-size-default\">Buscar en: _______________________________<\/h2>\t\t\t\t<\/div>\n\t\t\t\t\t<\/div>\n\t\t\t\t<\/div>\n\t\t<div class=\"elementor-element elementor-element-1d90863 e-grid e-con-boxed e-con e-parent\" data-id=\"1d90863\" data-element_type=\"container\" data-e-type=\"container\" data-settings=\"{&quot;background_background&quot;:&quot;classic&quot;}\">\n\t\t\t\t\t<div class=\"e-con-inner\">\n\t\t\t\t<div class=\"elementor-element elementor-element-279c593 elementor-widget elementor-widget-image\" data-id=\"279c593\" data-element_type=\"widget\" data-e-type=\"widget\" data-widget_type=\"image.default\">\n\t\t\t\t\t\t\t\t\t\t\t\t\t\t\t<img loading=\"lazy\" decoding=\"async\" width=\"800\" height=\"241\" src=\"https:\/\/indo.com.ar\/wp-content\/uploads\/2026\/03\/google_play_INDO-1024x308.png\" class=\"attachment-large size-large wp-image-66\" alt=\"\" srcset=\"https:\/\/indo.com.ar\/wp-content\/uploads\/2026\/03\/google_play_INDO-1024x308.png 1024w, https:\/\/indo.com.ar\/wp-content\/uploads\/2026\/03\/google_play_INDO-300x90.png 300w, https:\/\/indo.com.ar\/wp-content\/uploads\/2026\/03\/google_play_INDO-768x231.png 768w, https:\/\/indo.com.ar\/wp-content\/uploads\/2026\/03\/google_play_INDO.png 1083w\" sizes=\"(max-width: 800px) 100vw, 800px\" \/>\t\t\t\t\t\t\t\t\t\t\t\t\t\t\t<\/div>\n\t\t\t\t<div class=\"elementor-element elementor-element-61fe14a elementor-widget elementor-widget-image\" data-id=\"61fe14a\" data-element_type=\"widget\" data-e-type=\"widget\" data-widget_type=\"image.default\">\n\t\t\t\t\t\t\t\t\t\t\t\t\t\t\t<img loading=\"lazy\" decoding=\"async\" width=\"800\" height=\"241\" src=\"https:\/\/indo.com.ar\/wp-content\/uploads\/2026\/03\/app_store_INDO-1024x308.png\" class=\"attachment-large size-large wp-image-65\" alt=\"\" srcset=\"https:\/\/indo.com.ar\/wp-content\/uploads\/2026\/03\/app_store_INDO-1024x308.png 1024w, https:\/\/indo.com.ar\/wp-content\/uploads\/2026\/03\/app_store_INDO-300x90.png 300w, https:\/\/indo.com.ar\/wp-content\/uploads\/2026\/03\/app_store_INDO-768x231.png 768w, https:\/\/indo.com.ar\/wp-content\/uploads\/2026\/03\/app_store_INDO.png 1083w\" sizes=\"(max-width: 800px) 100vw, 800px\" \/>\t\t\t\t\t\t\t\t\t\t\t\t\t\t\t<\/div>\n\t\t\t\t<div class=\"elementor-element elementor-element-0859945 elementor-widget elementor-widget-image\" data-id=\"0859945\" data-element_type=\"widget\" data-e-type=\"widget\" data-widget_type=\"image.default\">\n\t\t\t\t\t\t\t\t\t\t\t\t\t\t\t<img loading=\"lazy\" decoding=\"async\" width=\"800\" height=\"241\" src=\"https:\/\/indo.com.ar\/wp-content\/uploads\/2026\/03\/google_play_INDO-1024x308.png\" class=\"attachment-large size-large wp-image-66\" alt=\"\" srcset=\"https:\/\/indo.com.ar\/wp-content\/uploads\/2026\/03\/google_play_INDO-1024x308.png 1024w, https:\/\/indo.com.ar\/wp-content\/uploads\/2026\/03\/google_play_INDO-300x90.png 300w, https:\/\/indo.com.ar\/wp-content\/uploads\/2026\/03\/google_play_INDO-768x231.png 768w, https:\/\/indo.com.ar\/wp-content\/uploads\/2026\/03\/google_play_INDO.png 1083w\" sizes=\"(max-width: 800px) 100vw, 800px\" \/>\t\t\t\t\t\t\t\t\t\t\t\t\t\t\t<\/div>\n\t\t\t\t<div class=\"elementor-element elementor-element-a594600 elementor-widget elementor-widget-image\" data-id=\"a594600\" data-element_type=\"widget\" data-e-type=\"widget\" data-widget_type=\"image.default\">\n\t\t\t\t\t\t\t\t\t\t\t\t\t\t\t<img loading=\"lazy\" decoding=\"async\" width=\"800\" height=\"241\" src=\"https:\/\/indo.com.ar\/wp-content\/uploads\/2026\/03\/app_store_INDO-1024x308.png\" class=\"attachment-large size-large wp-image-65\" alt=\"\" srcset=\"https:\/\/indo.com.ar\/wp-content\/uploads\/2026\/03\/app_store_INDO-1024x308.png 1024w, https:\/\/indo.com.ar\/wp-content\/uploads\/2026\/03\/app_store_INDO-300x90.png 300w, https:\/\/indo.com.ar\/wp-content\/uploads\/2026\/03\/app_store_INDO-768x231.png 768w, https:\/\/indo.com.ar\/wp-content\/uploads\/2026\/03\/app_store_INDO.png 1083w\" sizes=\"(max-width: 800px) 100vw, 800px\" \/>\t\t\t\t\t\t\t\t\t\t\t\t\t\t\t<\/div>\n\t\t\t\t\t<\/div>\n\t\t\t\t<\/div>\n\t\t<div class=\"elementor-element elementor-element-2bc0e14 e-grid elementor-hidden-mobile e-con-boxed e-con e-parent\" data-id=\"2bc0e14\" data-element_type=\"container\" data-e-type=\"container\" data-settings=\"{&quot;background_background&quot;:&quot;classic&quot;}\">\n\t\t\t\t\t<div class=\"e-con-inner\">\n\t\t\t\t<div class=\"elementor-element elementor-element-9776096 elementor-widget elementor-widget-image\" data-id=\"9776096\" data-element_type=\"widget\" data-e-type=\"widget\" data-widget_type=\"image.default\">\n\t\t\t\t\t\t\t\t\t\t\t\t\t\t\t<img loading=\"lazy\" decoding=\"async\" width=\"800\" height=\"241\" src=\"https:\/\/indo.com.ar\/wp-content\/uploads\/2026\/03\/google_play_INDO-1024x308.png\" class=\"attachment-large size-large wp-image-66\" alt=\"\" srcset=\"https:\/\/indo.com.ar\/wp-content\/uploads\/2026\/03\/google_play_INDO-1024x308.png 1024w, https:\/\/indo.com.ar\/wp-content\/uploads\/2026\/03\/google_play_INDO-300x90.png 300w, https:\/\/indo.com.ar\/wp-content\/uploads\/2026\/03\/google_play_INDO-768x231.png 768w, https:\/\/indo.com.ar\/wp-content\/uploads\/2026\/03\/google_play_INDO.png 1083w\" sizes=\"(max-width: 800px) 100vw, 800px\" \/>\t\t\t\t\t\t\t\t\t\t\t\t\t\t\t<\/div>\n\t\t\t\t<div class=\"elementor-element elementor-element-dc2785a elementor-widget elementor-widget-image\" data-id=\"dc2785a\" data-element_type=\"widget\" data-e-type=\"widget\" data-widget_type=\"image.default\">\n\t\t\t\t\t\t\t\t\t\t\t\t\t\t\t<img loading=\"lazy\" decoding=\"async\" width=\"800\" height=\"241\" src=\"https:\/\/indo.com.ar\/wp-content\/uploads\/2026\/03\/app_store_INDO-1024x308.png\" class=\"attachment-large size-large wp-image-65\" alt=\"\" srcset=\"https:\/\/indo.com.ar\/wp-content\/uploads\/2026\/03\/app_store_INDO-1024x308.png 1024w, https:\/\/indo.com.ar\/wp-content\/uploads\/2026\/03\/app_store_INDO-300x90.png 300w, https:\/\/indo.com.ar\/wp-content\/uploads\/2026\/03\/app_store_INDO-768x231.png 768w, https:\/\/indo.com.ar\/wp-content\/uploads\/2026\/03\/app_store_INDO.png 1083w\" sizes=\"(max-width: 800px) 100vw, 800px\" \/>\t\t\t\t\t\t\t\t\t\t\t\t\t\t\t<\/div>\n\t\t\t\t<div class=\"elementor-element elementor-element-968b006 elementor-widget elementor-widget-image\" data-id=\"968b006\" data-element_type=\"widget\" data-e-type=\"widget\" data-widget_type=\"image.default\">\n\t\t\t\t\t\t\t\t\t\t\t\t\t\t\t<img loading=\"lazy\" decoding=\"async\" width=\"800\" height=\"241\" src=\"https:\/\/indo.com.ar\/wp-content\/uploads\/2026\/03\/google_play_INDO-1024x308.png\" class=\"attachment-large size-large wp-image-66\" alt=\"\" srcset=\"https:\/\/indo.com.ar\/wp-content\/uploads\/2026\/03\/google_play_INDO-1024x308.png 1024w, https:\/\/indo.com.ar\/wp-content\/uploads\/2026\/03\/google_play_INDO-300x90.png 300w, https:\/\/indo.com.ar\/wp-content\/uploads\/2026\/03\/google_play_INDO-768x231.png 768w, https:\/\/indo.com.ar\/wp-content\/uploads\/2026\/03\/google_play_INDO.png 1083w\" sizes=\"(max-width: 800px) 100vw, 800px\" \/>\t\t\t\t\t\t\t\t\t\t\t\t\t\t\t<\/div>\n\t\t\t\t<div class=\"elementor-element elementor-element-ed3b0d7 elementor-widget elementor-widget-image\" data-id=\"ed3b0d7\" data-element_type=\"widget\" data-e-type=\"widget\" data-widget_type=\"image.default\">\n\t\t\t\t\t\t\t\t\t\t\t\t\t\t\t<img loading=\"lazy\" decoding=\"async\" width=\"800\" height=\"241\" src=\"https:\/\/indo.com.ar\/wp-content\/uploads\/2026\/03\/app_store_INDO-1024x308.png\" class=\"attachment-large size-large wp-image-65\" alt=\"\" srcset=\"https:\/\/indo.com.ar\/wp-content\/uploads\/2026\/03\/app_store_INDO-1024x308.png 1024w, https:\/\/indo.com.ar\/wp-content\/uploads\/2026\/03\/app_store_INDO-300x90.png 300w, https:\/\/indo.com.ar\/wp-content\/uploads\/2026\/03\/app_store_INDO-768x231.png 768w, https:\/\/indo.com.ar\/wp-content\/uploads\/2026\/03\/app_store_INDO.png 1083w\" sizes=\"(max-width: 800px) 100vw, 800px\" \/>\t\t\t\t\t\t\t\t\t\t\t\t\t\t\t<\/div>\n\t\t\t\t\t<\/div>\n\t\t\t\t<\/div>\n\t\t<div class=\"elementor-element elementor-element-805f4ab e-grid elementor-hidden-mobile e-con-boxed e-con e-parent\" data-id=\"805f4ab\" data-element_type=\"container\" data-e-type=\"container\" data-settings=\"{&quot;background_background&quot;:&quot;classic&quot;}\">\n\t\t\t\t\t<div class=\"e-con-inner\">\n\t\t\t\t<div class=\"elementor-element elementor-element-943934e elementor-widget elementor-widget-image\" data-id=\"943934e\" data-element_type=\"widget\" data-e-type=\"widget\" data-widget_type=\"image.default\">\n\t\t\t\t\t\t\t\t\t\t\t\t\t\t\t<img loading=\"lazy\" decoding=\"async\" width=\"800\" height=\"241\" src=\"https:\/\/indo.com.ar\/wp-content\/uploads\/2026\/03\/google_play_INDO-1024x308.png\" class=\"attachment-large size-large wp-image-66\" alt=\"\" srcset=\"https:\/\/indo.com.ar\/wp-content\/uploads\/2026\/03\/google_play_INDO-1024x308.png 1024w, https:\/\/indo.com.ar\/wp-content\/uploads\/2026\/03\/google_play_INDO-300x90.png 300w, https:\/\/indo.com.ar\/wp-content\/uploads\/2026\/03\/google_play_INDO-768x231.png 768w, https:\/\/indo.com.ar\/wp-content\/uploads\/2026\/03\/google_play_INDO.png 1083w\" sizes=\"(max-width: 800px) 100vw, 800px\" \/>\t\t\t\t\t\t\t\t\t\t\t\t\t\t\t<\/div>\n\t\t\t\t<div class=\"elementor-element elementor-element-3bbd7b4 elementor-widget elementor-widget-image\" data-id=\"3bbd7b4\" data-element_type=\"widget\" data-e-type=\"widget\" data-widget_type=\"image.default\">\n\t\t\t\t\t\t\t\t\t\t\t\t\t\t\t<img loading=\"lazy\" decoding=\"async\" width=\"800\" height=\"241\" src=\"https:\/\/indo.com.ar\/wp-content\/uploads\/2026\/03\/app_store_INDO-1024x308.png\" class=\"attachment-large size-large wp-image-65\" alt=\"\" srcset=\"https:\/\/indo.com.ar\/wp-content\/uploads\/2026\/03\/app_store_INDO-1024x308.png 1024w, https:\/\/indo.com.ar\/wp-content\/uploads\/2026\/03\/app_store_INDO-300x90.png 300w, https:\/\/indo.com.ar\/wp-content\/uploads\/2026\/03\/app_store_INDO-768x231.png 768w, https:\/\/indo.com.ar\/wp-content\/uploads\/2026\/03\/app_store_INDO.png 1083w\" sizes=\"(max-width: 800px) 100vw, 800px\" \/>\t\t\t\t\t\t\t\t\t\t\t\t\t\t\t<\/div>\n\t\t\t\t<div class=\"elementor-element elementor-element-556edb9 elementor-widget elementor-widget-image\" data-id=\"556edb9\" data-element_type=\"widget\" data-e-type=\"widget\" data-widget_type=\"image.default\">\n\t\t\t\t\t\t\t\t\t\t\t\t\t\t\t<img loading=\"lazy\" decoding=\"async\" width=\"800\" height=\"241\" src=\"https:\/\/indo.com.ar\/wp-content\/uploads\/2026\/03\/google_play_INDO-1024x308.png\" class=\"attachment-large size-large wp-image-66\" alt=\"\" srcset=\"https:\/\/indo.com.ar\/wp-content\/uploads\/2026\/03\/google_play_INDO-1024x308.png 1024w, https:\/\/indo.com.ar\/wp-content\/uploads\/2026\/03\/google_play_INDO-300x90.png 300w, https:\/\/indo.com.ar\/wp-content\/uploads\/2026\/03\/google_play_INDO-768x231.png 768w, https:\/\/indo.com.ar\/wp-content\/uploads\/2026\/03\/google_play_INDO.png 1083w\" sizes=\"(max-width: 800px) 100vw, 800px\" \/>\t\t\t\t\t\t\t\t\t\t\t\t\t\t\t<\/div>\n\t\t\t\t<div class=\"elementor-element elementor-element-3535de3 elementor-widget elementor-widget-image\" data-id=\"3535de3\" data-element_type=\"widget\" data-e-type=\"widget\" data-widget_type=\"image.default\">\n\t\t\t\t\t\t\t\t\t\t\t\t\t\t\t<img loading=\"lazy\" decoding=\"async\" width=\"800\" height=\"241\" src=\"https:\/\/indo.com.ar\/wp-content\/uploads\/2026\/03\/app_store_INDO-1024x308.png\" class=\"attachment-large size-large wp-image-65\" alt=\"\" srcset=\"https:\/\/indo.com.ar\/wp-content\/uploads\/2026\/03\/app_store_INDO-1024x308.png 1024w, https:\/\/indo.com.ar\/wp-content\/uploads\/2026\/03\/app_store_INDO-300x90.png 300w, https:\/\/indo.com.ar\/wp-content\/uploads\/2026\/03\/app_store_INDO-768x231.png 768w, https:\/\/indo.com.ar\/wp-content\/uploads\/2026\/03\/app_store_INDO.png 1083w\" sizes=\"(max-width: 800px) 100vw, 800px\" \/>\t\t\t\t\t\t\t\t\t\t\t\t\t\t\t<\/div>\n\t\t\t\t\t<\/div>\n\t\t\t\t<\/div>\n\t\t<div class=\"elementor-element elementor-element-96c45eb e-grid elementor-hidden-mobile e-con-boxed e-con e-parent\" data-id=\"96c45eb\" data-element_type=\"container\" data-e-type=\"container\" data-settings=\"{&quot;background_background&quot;:&quot;classic&quot;}\">\n\t\t\t\t\t<div class=\"e-con-inner\">\n\t\t\t\t<div class=\"elementor-element elementor-element-38d33fa elementor-widget elementor-widget-image\" data-id=\"38d33fa\" data-element_type=\"widget\" data-e-type=\"widget\" data-widget_type=\"image.default\">\n\t\t\t\t\t\t\t\t\t\t\t\t\t\t\t<img loading=\"lazy\" decoding=\"async\" width=\"800\" height=\"241\" src=\"https:\/\/indo.com.ar\/wp-content\/uploads\/2026\/03\/google_play_INDO-1024x308.png\" class=\"attachment-large size-large wp-image-66\" alt=\"\" srcset=\"https:\/\/indo.com.ar\/wp-content\/uploads\/2026\/03\/google_play_INDO-1024x308.png 1024w, https:\/\/indo.com.ar\/wp-content\/uploads\/2026\/03\/google_play_INDO-300x90.png 300w, https:\/\/indo.com.ar\/wp-content\/uploads\/2026\/03\/google_play_INDO-768x231.png 768w, https:\/\/indo.com.ar\/wp-content\/uploads\/2026\/03\/google_play_INDO.png 1083w\" sizes=\"(max-width: 800px) 100vw, 800px\" \/>\t\t\t\t\t\t\t\t\t\t\t\t\t\t\t<\/div>\n\t\t\t\t<div class=\"elementor-element elementor-element-6d2e178 elementor-widget elementor-widget-image\" data-id=\"6d2e178\" data-element_type=\"widget\" data-e-type=\"widget\" data-widget_type=\"image.default\">\n\t\t\t\t\t\t\t\t\t\t\t\t\t\t\t<img loading=\"lazy\" decoding=\"async\" width=\"800\" height=\"241\" src=\"https:\/\/indo.com.ar\/wp-content\/uploads\/2026\/03\/app_store_INDO-1024x308.png\" class=\"attachment-large size-large wp-image-65\" alt=\"\" srcset=\"https:\/\/indo.com.ar\/wp-content\/uploads\/2026\/03\/app_store_INDO-1024x308.png 1024w, https:\/\/indo.com.ar\/wp-content\/uploads\/2026\/03\/app_store_INDO-300x90.png 300w, https:\/\/indo.com.ar\/wp-content\/uploads\/2026\/03\/app_store_INDO-768x231.png 768w, https:\/\/indo.com.ar\/wp-content\/uploads\/2026\/03\/app_store_INDO.png 1083w\" sizes=\"(max-width: 800px) 100vw, 800px\" \/>\t\t\t\t\t\t\t\t\t\t\t\t\t\t\t<\/div>\n\t\t\t\t<div class=\"elementor-element elementor-element-b3cad30 elementor-widget elementor-widget-image\" data-id=\"b3cad30\" data-element_type=\"widget\" data-e-type=\"widget\" data-widget_type=\"image.default\">\n\t\t\t\t\t\t\t\t\t\t\t\t\t\t\t<img loading=\"lazy\" decoding=\"async\" width=\"800\" height=\"241\" src=\"https:\/\/indo.com.ar\/wp-content\/uploads\/2026\/03\/google_play_INDO-1024x308.png\" class=\"attachment-large size-large wp-image-66\" alt=\"\" srcset=\"https:\/\/indo.com.ar\/wp-content\/uploads\/2026\/03\/google_play_INDO-1024x308.png 1024w, https:\/\/indo.com.ar\/wp-content\/uploads\/2026\/03\/google_play_INDO-300x90.png 300w, https:\/\/indo.com.ar\/wp-content\/uploads\/2026\/03\/google_play_INDO-768x231.png 768w, https:\/\/indo.com.ar\/wp-content\/uploads\/2026\/03\/google_play_INDO.png 1083w\" sizes=\"(max-width: 800px) 100vw, 800px\" \/>\t\t\t\t\t\t\t\t\t\t\t\t\t\t\t<\/div>\n\t\t\t\t<div class=\"elementor-element elementor-element-68046db elementor-widget elementor-widget-image\" data-id=\"68046db\" data-element_type=\"widget\" data-e-type=\"widget\" data-widget_type=\"image.default\">\n\t\t\t\t\t\t\t\t\t\t\t\t\t\t\t<img loading=\"lazy\" decoding=\"async\" width=\"800\" height=\"241\" src=\"https:\/\/indo.com.ar\/wp-content\/uploads\/2026\/03\/app_store_INDO-1024x308.png\" class=\"attachment-large size-large wp-image-65\" alt=\"\" srcset=\"https:\/\/indo.com.ar\/wp-content\/uploads\/2026\/03\/app_store_INDO-1024x308.png 1024w, https:\/\/indo.com.ar\/wp-content\/uploads\/2026\/03\/app_store_INDO-300x90.png 300w, https:\/\/indo.com.ar\/wp-content\/uploads\/2026\/03\/app_store_INDO-768x231.png 768w, https:\/\/indo.com.ar\/wp-content\/uploads\/2026\/03\/app_store_INDO.png 1083w\" sizes=\"(max-width: 800px) 100vw, 800px\" \/>\t\t\t\t\t\t\t\t\t\t\t\t\t\t\t<\/div>\n\t\t\t\t\t<\/div>\n\t\t\t\t<\/div>\n\t\t<div class=\"elementor-element elementor-element-76f3fe0 e-grid e-con-boxed e-con e-parent\" data-id=\"76f3fe0\" data-element_type=\"container\" data-e-type=\"container\" data-settings=\"{&quot;background_background&quot;:&quot;classic&quot;}\">\n\t\t\t\t\t<div class=\"e-con-inner\">\n\t\t\t\t<div class=\"elementor-element elementor-element-89e4f64 elementor-align-center elementor-widget elementor-widget-button\" data-id=\"89e4f64\" data-element_type=\"widget\" data-e-type=\"widget\" data-widget_type=\"button.default\">\n\t\t\t\t\t\t\t\t\t\t<a class=\"elementor-button elementor-button-link elementor-size-sm\" href=\"#\">\n\t\t\t\t\t\t<span class=\"elementor-button-content-wrapper\">\n\t\t\t\t\t\t\t\t\t<span class=\"elementor-button-text\">Ver todos los locales y hacer un pedido<\/span>\n\t\t\t\t\t<\/span>\n\t\t\t\t\t<\/a>\n\t\t\t\t\t\t\t\t<\/div>\n\t\t\t\t\t<\/div>\n\t\t\t\t<\/div>\n\t\t<div class=\"elementor-element elementor-element-4d00d93 e-grid e-con-boxed e-con e-parent\" data-id=\"4d00d93\" data-element_type=\"container\" data-e-type=\"container\" data-settings=\"{&quot;background_background&quot;:&quot;classic&quot;}\">\n\t\t\t\t\t<div class=\"e-con-inner\">\n\t\t\t\t\t<\/div>\n\t\t\t\t<\/div>\n\t\t<div class=\"elementor-element elementor-element-c00b229 e-grid e-con-boxed e-con e-parent\" data-id=\"c00b229\" data-element_type=\"container\" data-e-type=\"container\" data-settings=\"{&quot;background_background&quot;:&quot;classic&quot;}\">\n\t\t\t\t\t<div class=\"e-con-inner\">\n\t\t\t\t<div class=\"elementor-element elementor-element-0678286 elementor-widget elementor-widget-image\" data-id=\"0678286\" data-element_type=\"widget\" data-e-type=\"widget\" data-widget_type=\"image.default\">\n\t\t\t\t\t\t\t\t\t\t\t\t\t\t\t<img loading=\"lazy\" decoding=\"async\" width=\"800\" height=\"740\" src=\"https:\/\/indo.com.ar\/wp-content\/uploads\/2026\/03\/moto_INDO-1024x947.png\" class=\"attachment-large size-large wp-image-78\" alt=\"\" srcset=\"https:\/\/indo.com.ar\/wp-content\/uploads\/2026\/03\/moto_INDO-1024x947.png 1024w, https:\/\/indo.com.ar\/wp-content\/uploads\/2026\/03\/moto_INDO-300x277.png 300w, https:\/\/indo.com.ar\/wp-content\/uploads\/2026\/03\/moto_INDO-768x710.png 768w, https:\/\/indo.com.ar\/wp-content\/uploads\/2026\/03\/moto_INDO.png 1133w\" sizes=\"(max-width: 800px) 100vw, 800px\" \/>\t\t\t\t\t\t\t\t\t\t\t\t\t\t\t<\/div>\n\t\t\t\t\t<\/div>\n\t\t\t\t<\/div>\n\t\t<div class=\"elementor-element elementor-element-d9c56e2 e-grid e-con-boxed e-con e-parent\" data-id=\"d9c56e2\" data-element_type=\"container\" data-e-type=\"container\" data-settings=\"{&quot;background_background&quot;:&quot;classic&quot;}\">\n\t\t\t\t\t<div class=\"e-con-inner\">\n\t\t\t\t<div class=\"elementor-element elementor-element-1b353b2 elementor-widget elementor-widget-heading\" data-id=\"1b353b2\" data-element_type=\"widget\" data-e-type=\"widget\" data-widget_type=\"heading.default\">\n\t\t\t\t\t<h2 class=\"elementor-heading-title elementor-size-default\">Eleg\u00ed. Ped\u00ed. Disfrut\u00e1.<\/h2>\t\t\t\t<\/div>\n\t\t\t\t\t<\/div>\n\t\t\t\t<\/div>\n\t\t\t\t<\/div>\n\t\t","protected":false},"excerpt":{"rendered":"<p>Ped\u00ed la comida de tu local favorito, directamente desde tu WhatsApp. Sin comisiones locas. Sin intermediarios. Solo vos, el local y un pedido perfecto. Locales que ya usan Indo. Quiero que mi local est\u00e9 en Indo Buscar en: _______________________________ Ver todos los locales y hacer un pedido Eleg\u00ed. Ped\u00ed. Disfrut\u00e1.<\/p>\n","protected":false},"author":2,"featured_media":0,"parent":0,"menu_order":0,"comment_status":"closed","ping_status":"closed","template":"","meta":{"footnotes":""},"class_list":["post-10","page","type-page","status-publish","hentry"],"_links":{"self":[{"href":"https:\/\/indo.com.ar\/index.php\/wp-json\/wp\/v2\/pages\/10","targetHints":{"allow":["GET"]}}],"collection":[{"href":"https:\/\/indo.com.ar\/index.php\/wp-json\/wp\/v2\/pages"}],"about":[{"href":"https:\/\/indo.com.ar\/index.php\/wp-json\/wp\/v2\/types\/page"}],"author":[{"embeddable":true,"href":"https:\/\/indo.com.ar\/index.php\/wp-json\/wp\/v2\/users\/2"}],"replies":[{"embeddable":true,"href":"https:\/\/indo.com.ar\/index.php\/wp-json\/wp\/v2\/comments?post=10"}],"version-history":[{"count":71,"href":"https:\/\/indo.com.ar\/index.php\/wp-json\/wp\/v2\/pages\/10\/revisions"}],"predecessor-version":[{"id":235,"href":"https:\/\/indo.com.ar\/index.php\/wp-json\/wp\/v2\/pages\/10\/revisions\/235"}],"wp:attachment":[{"href":"https:\/\/indo.com.ar\/index.php\/wp-json\/wp\/v2\/media?parent=10"}],"curies":[{"name":"wp","href":"https:\/\/api.w.org\/{rel}","templated":true}]}}